{"id":132,"date":"2023-11-07T16:44:59","date_gmt":"2023-11-07T15:44:59","guid":{"rendered":"https:\/\/cookinyou.com\/?post_type=product&#038;p=132"},"modified":"2024-02-16T12:37:50","modified_gmt":"2024-02-16T11:37:50","slug":"kids-cookin","status":"publish","type":"product","link":"https:\/\/cookinyou.com\/es\/product\/kids-cookin\/","title":{"rendered":"Kid&#8217;s &#038; Cookin"},"content":{"rendered":"<p><span style=\"font-weight: 400;\">Ejemplo de recetas a cocinar formaci\u00f3n<strong> Formaci\u00f3n Kid's &amp; Cook<\/strong>:<\/span><\/p>\n<ul>\n<li><span style=\"font-weight: 400;\">Sushi variado<\/span><\/li>\n<li><span style=\"font-weight: 400;\">Pastel de chocolate<\/span><\/li>\n<li><span style=\"font-weight: 400;\">Galletas de jengibre<\/span><\/li>\n<\/ul>\n<p><img fetchpriority=\"high\" decoding=\"async\" class=\"imagenproducto aligncenter wp-image-206 size-full\" src=\"https:\/\/cookinyou.com\/wp-content\/uploads\/2023\/11\/NinosCocina.webp\" alt=\"\" width=\"700\" height=\"400\" srcset=\"https:\/\/cookinyou.com\/wp-content\/uploads\/2023\/11\/NinosCocina.webp 700w, https:\/\/cookinyou.com\/wp-content\/uploads\/2023\/11\/NinosCocina-300x171.webp 300w, https:\/\/cookinyou.com\/wp-content\/uploads\/2023\/11\/NinosCocina-18x10.webp 18w, https:\/\/cookinyou.com\/wp-content\/uploads\/2023\/11\/NinosCocina-600x343.webp 600w\" sizes=\"(max-width: 700px) 100vw, 700px\" \/><\/p>\n<p><span style=\"font-weight: 400;\">Los peques pasar\u00e1n un rato divertido, cocinando una receta saludable que luego encontrar\u00e1n m\u00e1s que buen\u00edsima, porque la habr\u00e1n cocinado ellos. <\/span><span style=\"font-weight: 400;\">\ud83d\ude09<\/span><\/p>\n<p><span style=\"font-weight: 400;\">Experimenta la magia de la cocina saludable en tu casa.<\/span><\/p>\n<p><span style=\"font-weight: 400;\">No se trata s\u00f3lo de cocinar; se trata de inspirar y educar.\u00a0<\/span><\/p>\n<p><span style=\"font-weight: 400;\">Es una muy buena manera de inculcar h\u00e1bitos saludables a tus hijos.<\/span><\/p>","protected":false},"excerpt":{"rendered":"<p>Formaci\u00f3 presencial i a domicili on farem un batchcookin pensat per a nens<\/p>","protected":false},"featured_media":207,"template":"","meta":[],"product_cat":[25],"product_tag":[27],"class_list":{"0":"post-132","1":"product","2":"type-product","3":"status-publish","4":"has-post-thumbnail","6":"product_cat-formacio-ca","7":"product_tag-ca","9":"first","10":"instock","11":"taxable","12":"shipping-taxable","13":"purchasable","14":"product-type-simple"},"acf":[],"yoast_head":"<!-- This site is optimized with the Yoast SEO plugin v21.8.1 - https:\/\/yoast.com\/wordpress\/plugins\/seo\/ -->\n<title>Kid&#039;s &amp; Cookin - cookinyou.com<\/title>\n<meta name=\"robots\" content=\"index, follow, max-snippet:-1, max-image-preview:large, max-video-preview:-1\" \/>\n<link rel=\"canonical\" href=\"https:\/\/cookinyou.com\/es\/product\/kids-cookin\/\" \/>\n<meta property=\"og:locale\" content=\"es_ES\" \/>\n<meta property=\"og:type\" content=\"article\" \/>\n<meta property=\"og:title\" content=\"Kid&#039;s &amp; Cookin - cookinyou.com\" \/>\n<meta property=\"og:description\" content=\"Formaci\u00f3 presencial i a domicili on farem un batchcookin pensat per a nens\" \/>\n<meta property=\"og:url\" content=\"https:\/\/cookinyou.com\/es\/product\/kids-cookin\/\" \/>\n<meta property=\"og:site_name\" content=\"cookinyou.com\" \/>\n<meta property=\"article:modified_time\" content=\"2024-02-16T11:37:50+00:00\" \/>\n<meta property=\"og:image\" content=\"https:\/\/cookinyou.com\/wp-content\/uploads\/2023\/11\/POrtada_Ninos.webp\" \/>\n\t<meta property=\"og:image:width\" content=\"1920\" \/>\n\t<meta property=\"og:image:height\" content=\"400\" \/>\n\t<meta property=\"og:image:type\" content=\"image\/webp\" \/>\n<meta name=\"twitter:card\" content=\"summary_large_image\" \/>\n<meta name=\"twitter:label1\" content=\"Tiempo de lectura\" \/>\n\t<meta name=\"twitter:data1\" content=\"1 minuto\" \/>\n<script type=\"application\/ld+json\" class=\"yoast-schema-graph\">{\"@context\":\"https:\/\/schema.org\",\"@graph\":[{\"@type\":\"WebPage\",\"@id\":\"https:\/\/cookinyou.com\/producte\/kids-cookin\/\",\"url\":\"https:\/\/cookinyou.com\/producte\/kids-cookin\/\",\"name\":\"Kid's & Cookin - cookinyou.com\",\"isPartOf\":{\"@id\":\"https:\/\/cookinyou.com\/#website\"},\"datePublished\":\"2023-11-07T15:44:59+00:00\",\"dateModified\":\"2024-02-16T11:37:50+00:00\",\"breadcrumb\":{\"@id\":\"https:\/\/cookinyou.com\/producte\/kids-cookin\/#breadcrumb\"},\"inLanguage\":\"es\",\"potentialAction\":[{\"@type\":\"ReadAction\",\"target\":[\"https:\/\/cookinyou.com\/producte\/kids-cookin\/\"]}]},{\"@type\":\"BreadcrumbList\",\"@id\":\"https:\/\/cookinyou.com\/producte\/kids-cookin\/#breadcrumb\",\"itemListElement\":[{\"@type\":\"ListItem\",\"position\":1,\"name\":\"Portada\",\"item\":\"https:\/\/cookinyou.com\/\"},{\"@type\":\"ListItem\",\"position\":2,\"name\":\"Productos\",\"item\":\"https:\/\/cookinyou.com\/shop\/\"},{\"@type\":\"ListItem\",\"position\":3,\"name\":\"Kid&#8217;s &#038; Cookin\"}]},{\"@type\":\"WebSite\",\"@id\":\"https:\/\/cookinyou.com\/#website\",\"url\":\"https:\/\/cookinyou.com\/\",\"name\":\"cookinyou.com\",\"description\":\"\",\"publisher\":{\"@id\":\"https:\/\/cookinyou.com\/#organization\"},\"potentialAction\":[{\"@type\":\"SearchAction\",\"target\":{\"@type\":\"EntryPoint\",\"urlTemplate\":\"https:\/\/cookinyou.com\/?s={search_term_string}\"},\"query-input\":\"required name=search_term_string\"}],\"inLanguage\":\"es\"},{\"@type\":\"Organization\",\"@id\":\"https:\/\/cookinyou.com\/#organization\",\"name\":\"cookinyou.com\",\"url\":\"https:\/\/cookinyou.com\/\",\"logo\":{\"@type\":\"ImageObject\",\"inLanguage\":\"es\",\"@id\":\"https:\/\/cookinyou.com\/#\/schema\/logo\/image\/\",\"url\":\"https:\/\/cookinyou.com\/wp-content\/uploads\/2023\/11\/cropped-Logotipo_CookinYou_horizontal.webp\",\"contentUrl\":\"https:\/\/cookinyou.com\/wp-content\/uploads\/2023\/11\/cropped-Logotipo_CookinYou_horizontal.webp\",\"width\":536,\"height\":120,\"caption\":\"cookinyou.com\"},\"image\":{\"@id\":\"https:\/\/cookinyou.com\/#\/schema\/logo\/image\/\"}}]}<\/script>\n<!-- \/ Yoast SEO plugin. -->","yoast_head_json":{"title":"Kid's & Cookin - cookinyou.com","robots":{"index":"index","follow":"follow","max-snippet":"max-snippet:-1","max-image-preview":"max-image-preview:large","max-video-preview":"max-video-preview:-1"},"canonical":"https:\/\/cookinyou.com\/es\/product\/kids-cookin\/","og_locale":"es_ES","og_type":"article","og_title":"Kid's & Cookin - cookinyou.com","og_description":"Formaci\u00f3 presencial i a domicili on farem un batchcookin pensat per a nens","og_url":"https:\/\/cookinyou.com\/es\/product\/kids-cookin\/","og_site_name":"cookinyou.com","article_modified_time":"2024-02-16T11:37:50+00:00","og_image":[{"width":1920,"height":400,"url":"https:\/\/cookinyou.com\/wp-content\/uploads\/2023\/11\/POrtada_Ninos.webp","type":"image\/webp"}],"twitter_card":"summary_large_image","twitter_misc":{"Tiempo de lectura":"1 minuto"},"schema":{"@context":"https:\/\/schema.org","@graph":[{"@type":"WebPage","@id":"https:\/\/cookinyou.com\/producte\/kids-cookin\/","url":"https:\/\/cookinyou.com\/producte\/kids-cookin\/","name":"Kid's & Cookin - cookinyou.com","isPartOf":{"@id":"https:\/\/cookinyou.com\/#website"},"datePublished":"2023-11-07T15:44:59+00:00","dateModified":"2024-02-16T11:37:50+00:00","breadcrumb":{"@id":"https:\/\/cookinyou.com\/producte\/kids-cookin\/#breadcrumb"},"inLanguage":"es","potentialAction":[{"@type":"ReadAction","target":["https:\/\/cookinyou.com\/producte\/kids-cookin\/"]}]},{"@type":"BreadcrumbList","@id":"https:\/\/cookinyou.com\/producte\/kids-cookin\/#breadcrumb","itemListElement":[{"@type":"ListItem","position":1,"name":"Portada","item":"https:\/\/cookinyou.com\/"},{"@type":"ListItem","position":2,"name":"Productos","item":"https:\/\/cookinyou.com\/shop\/"},{"@type":"ListItem","position":3,"name":"Kid&#8217;s &#038; Cookin"}]},{"@type":"WebSite","@id":"https:\/\/cookinyou.com\/#website","url":"https:\/\/cookinyou.com\/","name":"cookinyou.com","description":"","publisher":{"@id":"https:\/\/cookinyou.com\/#organization"},"potentialAction":[{"@type":"SearchAction","target":{"@type":"EntryPoint","urlTemplate":"https:\/\/cookinyou.com\/?s={search_term_string}"},"query-input":"required name=search_term_string"}],"inLanguage":"es"},{"@type":"Organization","@id":"https:\/\/cookinyou.com\/#organization","name":"cookinyou.com","url":"https:\/\/cookinyou.com\/","logo":{"@type":"ImageObject","inLanguage":"es","@id":"https:\/\/cookinyou.com\/#\/schema\/logo\/image\/","url":"https:\/\/cookinyou.com\/wp-content\/uploads\/2023\/11\/cropped-Logotipo_CookinYou_horizontal.webp","contentUrl":"https:\/\/cookinyou.com\/wp-content\/uploads\/2023\/11\/cropped-Logotipo_CookinYou_horizontal.webp","width":536,"height":120,"caption":"cookinyou.com"},"image":{"@id":"https:\/\/cookinyou.com\/#\/schema\/logo\/image\/"}}]}},"_links":{"self":[{"href":"https:\/\/cookinyou.com\/es\/wp-json\/wp\/v2\/product\/132","targetHints":{"allow":["GET"]}}],"collection":[{"href":"https:\/\/cookinyou.com\/es\/wp-json\/wp\/v2\/product"}],"about":[{"href":"https:\/\/cookinyou.com\/es\/wp-json\/wp\/v2\/types\/product"}],"wp:featuredmedia":[{"embeddable":true,"href":"https:\/\/cookinyou.com\/es\/wp-json\/wp\/v2\/media\/207"}],"wp:attachment":[{"href":"https:\/\/cookinyou.com\/es\/wp-json\/wp\/v2\/media?parent=132"}],"wp:term":[{"taxonomy":"product_cat","embeddable":true,"href":"https:\/\/cookinyou.com\/es\/wp-json\/wp\/v2\/product_cat?post=132"},{"taxonomy":"product_tag","embeddable":true,"href":"https:\/\/cookinyou.com\/es\/wp-json\/wp\/v2\/product_tag?post=132"}],"curies":[{"name":"wp","href":"https:\/\/api.w.org\/{rel}","templated":true}]}}