{"id":133,"date":"2023-11-07T16:45:20","date_gmt":"2023-11-07T15:45:20","guid":{"rendered":"https:\/\/cookinyou.com\/?post_type=product&#038;p=133"},"modified":"2023-11-22T10:36:08","modified_gmt":"2023-11-22T09:36:08","slug":"family-cookin","status":"publish","type":"product","link":"https:\/\/cookinyou.com\/es\/product\/family-cookin\/","title":{"rendered":"Family Cookin"},"content":{"rendered":"<p><span style=\"font-weight: 400;\">Ejemplo de recetas a cocinar formaci\u00f3n Family cookin:<\/span><\/p>\n<ul>\n<li><span style=\"font-weight: 400;\">Pollo al curry verde con arroz y verduras<\/span><\/li>\n<li><span style=\"font-weight: 400;\">Quiche de calabac\u00edn y bacon<\/span><\/li>\n<\/ul>\n<p><img fetchpriority=\"high\" decoding=\"async\" class=\"imagenproducto aligncenter wp-image-202 size-full\" src=\"https:\/\/cookinyou.com\/wp-content\/uploads\/2023\/11\/Formacion_FamilyCookin.webp\" alt=\"\" width=\"700\" height=\"400\" srcset=\"https:\/\/cookinyou.com\/wp-content\/uploads\/2023\/11\/Formacion_FamilyCookin.webp 700w, https:\/\/cookinyou.com\/wp-content\/uploads\/2023\/11\/Formacion_FamilyCookin-300x171.webp 300w, https:\/\/cookinyou.com\/wp-content\/uploads\/2023\/11\/Formacion_FamilyCookin-18x10.webp 18w, https:\/\/cookinyou.com\/wp-content\/uploads\/2023\/11\/Formacion_FamilyCookin-600x343.webp 600w\" sizes=\"(max-width: 700px) 100vw, 700px\" \/><\/p>\n<p><span style=\"font-weight: 400;\">Es una oportunidad de aprender c\u00f3mo preparar comidas saludables y deliciosas. Descubrir las t\u00e9cnicas y las recetas que te permitir\u00e1n comer bien y vivir mejor, todo con la comodidad de tu propio espacio.<\/span><\/p>\n<p><span style=\"font-weight: 400;\">A trav\u00e9s de sesiones personalizadas en tu casa, no solo aprende a preparar comidas nutritivas y deliciosas, sino que tambi\u00e9n comparte esta sabidur\u00eda con tus hijos.<\/span><\/p>","protected":false},"excerpt":{"rendered":"<p>Formaci\u00f3 presencial i a domicili on farem un batchcookin per a tota la fam\u00edlia<\/p>","protected":false},"featured_media":201,"template":"","meta":[],"product_cat":[25],"product_tag":[27],"class_list":{"0":"post-133","1":"product","2":"type-product","3":"status-publish","4":"has-post-thumbnail","6":"product_cat-formacio-ca","7":"product_tag-ca","9":"first","10":"instock","11":"taxable","12":"shipping-taxable","13":"purchasable","14":"product-type-simple"},"acf":[],"yoast_head":"<!-- This site is optimized with the Yoast SEO plugin v21.8.1 - https:\/\/yoast.com\/wordpress\/plugins\/seo\/ -->\n<title>Family Cookin - cookinyou.com<\/title>\n<meta name=\"robots\" content=\"index, follow, max-snippet:-1, max-image-preview:large, max-video-preview:-1\" \/>\n<link rel=\"canonical\" href=\"https:\/\/cookinyou.com\/es\/product\/family-cookin\/\" \/>\n<meta property=\"og:locale\" content=\"es_ES\" \/>\n<meta property=\"og:type\" content=\"article\" \/>\n<meta property=\"og:title\" content=\"Family Cookin - cookinyou.com\" \/>\n<meta property=\"og:description\" content=\"Formaci\u00f3 presencial i a domicili on farem un batchcookin per a tota la fam\u00edlia\" \/>\n<meta property=\"og:url\" content=\"https:\/\/cookinyou.com\/es\/product\/family-cookin\/\" \/>\n<meta property=\"og:site_name\" content=\"cookinyou.com\" \/>\n<meta property=\"article:modified_time\" content=\"2023-11-22T09:36:08+00:00\" \/>\n<meta property=\"og:image\" content=\"https:\/\/i0.wp.com\/www.cookinyou.com\/wp-content\/uploads\/2023\/11\/FamilyCookin_Portada.webp?fit=1920%2C400&ssl=1\" \/>\n\t<meta property=\"og:image:width\" content=\"1920\" \/>\n\t<meta property=\"og:image:height\" content=\"400\" \/>\n\t<meta property=\"og:image:type\" content=\"image\/webp\" \/>\n<meta name=\"twitter:card\" content=\"summary_large_image\" \/>\n<meta name=\"twitter:label1\" content=\"Tiempo de lectura\" \/>\n\t<meta name=\"twitter:data1\" content=\"1 minuto\" \/>\n<script type=\"application\/ld+json\" class=\"yoast-schema-graph\">{\"@context\":\"https:\/\/schema.org\",\"@graph\":[{\"@type\":\"WebPage\",\"@id\":\"https:\/\/cookinyou.com\/producte\/family-cookin\/\",\"url\":\"https:\/\/cookinyou.com\/producte\/family-cookin\/\",\"name\":\"Family Cookin - cookinyou.com\",\"isPartOf\":{\"@id\":\"https:\/\/cookinyou.com\/#website\"},\"datePublished\":\"2023-11-07T15:45:20+00:00\",\"dateModified\":\"2023-11-22T09:36:08+00:00\",\"breadcrumb\":{\"@id\":\"https:\/\/cookinyou.com\/producte\/family-cookin\/#breadcrumb\"},\"inLanguage\":\"es\",\"potentialAction\":[{\"@type\":\"ReadAction\",\"target\":[\"https:\/\/cookinyou.com\/producte\/family-cookin\/\"]}]},{\"@type\":\"BreadcrumbList\",\"@id\":\"https:\/\/cookinyou.com\/producte\/family-cookin\/#breadcrumb\",\"itemListElement\":[{\"@type\":\"ListItem\",\"position\":1,\"name\":\"Portada\",\"item\":\"https:\/\/cookinyou.com\/\"},{\"@type\":\"ListItem\",\"position\":2,\"name\":\"Productos\",\"item\":\"https:\/\/cookinyou.com\/shop\/\"},{\"@type\":\"ListItem\",\"position\":3,\"name\":\"Family Cookin\"}]},{\"@type\":\"WebSite\",\"@id\":\"https:\/\/cookinyou.com\/#website\",\"url\":\"https:\/\/cookinyou.com\/\",\"name\":\"cookinyou.com\",\"description\":\"\",\"publisher\":{\"@id\":\"https:\/\/cookinyou.com\/#organization\"},\"potentialAction\":[{\"@type\":\"SearchAction\",\"target\":{\"@type\":\"EntryPoint\",\"urlTemplate\":\"https:\/\/cookinyou.com\/?s={search_term_string}\"},\"query-input\":\"required name=search_term_string\"}],\"inLanguage\":\"es\"},{\"@type\":\"Organization\",\"@id\":\"https:\/\/cookinyou.com\/#organization\",\"name\":\"cookinyou.com\",\"url\":\"https:\/\/cookinyou.com\/\",\"logo\":{\"@type\":\"ImageObject\",\"inLanguage\":\"es\",\"@id\":\"https:\/\/cookinyou.com\/#\/schema\/logo\/image\/\",\"url\":\"https:\/\/cookinyou.com\/wp-content\/uploads\/2023\/11\/cropped-Logotipo_CookinYou_horizontal.webp\",\"contentUrl\":\"https:\/\/cookinyou.com\/wp-content\/uploads\/2023\/11\/cropped-Logotipo_CookinYou_horizontal.webp\",\"width\":536,\"height\":120,\"caption\":\"cookinyou.com\"},\"image\":{\"@id\":\"https:\/\/cookinyou.com\/#\/schema\/logo\/image\/\"}}]}<\/script>\n<!-- \/ Yoast SEO plugin. -->","yoast_head_json":{"title":"Family Cookin - cookinyou.com","robots":{"index":"index","follow":"follow","max-snippet":"max-snippet:-1","max-image-preview":"max-image-preview:large","max-video-preview":"max-video-preview:-1"},"canonical":"https:\/\/cookinyou.com\/es\/product\/family-cookin\/","og_locale":"es_ES","og_type":"article","og_title":"Family Cookin - cookinyou.com","og_description":"Formaci\u00f3 presencial i a domicili on farem un batchcookin per a tota la fam\u00edlia","og_url":"https:\/\/cookinyou.com\/es\/product\/family-cookin\/","og_site_name":"cookinyou.com","article_modified_time":"2023-11-22T09:36:08+00:00","og_image":[{"width":1920,"height":400,"url":"https:\/\/i0.wp.com\/www.cookinyou.com\/wp-content\/uploads\/2023\/11\/FamilyCookin_Portada.webp?fit=1920%2C400&ssl=1","type":"image\/webp"}],"twitter_card":"summary_large_image","twitter_misc":{"Tiempo de lectura":"1 minuto"},"schema":{"@context":"https:\/\/schema.org","@graph":[{"@type":"WebPage","@id":"https:\/\/cookinyou.com\/producte\/family-cookin\/","url":"https:\/\/cookinyou.com\/producte\/family-cookin\/","name":"Family Cookin - cookinyou.com","isPartOf":{"@id":"https:\/\/cookinyou.com\/#website"},"datePublished":"2023-11-07T15:45:20+00:00","dateModified":"2023-11-22T09:36:08+00:00","breadcrumb":{"@id":"https:\/\/cookinyou.com\/producte\/family-cookin\/#breadcrumb"},"inLanguage":"es","potentialAction":[{"@type":"ReadAction","target":["https:\/\/cookinyou.com\/producte\/family-cookin\/"]}]},{"@type":"BreadcrumbList","@id":"https:\/\/cookinyou.com\/producte\/family-cookin\/#breadcrumb","itemListElement":[{"@type":"ListItem","position":1,"name":"Portada","item":"https:\/\/cookinyou.com\/"},{"@type":"ListItem","position":2,"name":"Productos","item":"https:\/\/cookinyou.com\/shop\/"},{"@type":"ListItem","position":3,"name":"Family Cookin"}]},{"@type":"WebSite","@id":"https:\/\/cookinyou.com\/#website","url":"https:\/\/cookinyou.com\/","name":"cookinyou.com","description":"","publisher":{"@id":"https:\/\/cookinyou.com\/#organization"},"potentialAction":[{"@type":"SearchAction","target":{"@type":"EntryPoint","urlTemplate":"https:\/\/cookinyou.com\/?s={search_term_string}"},"query-input":"required name=search_term_string"}],"inLanguage":"es"},{"@type":"Organization","@id":"https:\/\/cookinyou.com\/#organization","name":"cookinyou.com","url":"https:\/\/cookinyou.com\/","logo":{"@type":"ImageObject","inLanguage":"es","@id":"https:\/\/cookinyou.com\/#\/schema\/logo\/image\/","url":"https:\/\/cookinyou.com\/wp-content\/uploads\/2023\/11\/cropped-Logotipo_CookinYou_horizontal.webp","contentUrl":"https:\/\/cookinyou.com\/wp-content\/uploads\/2023\/11\/cropped-Logotipo_CookinYou_horizontal.webp","width":536,"height":120,"caption":"cookinyou.com"},"image":{"@id":"https:\/\/cookinyou.com\/#\/schema\/logo\/image\/"}}]}},"_links":{"self":[{"href":"https:\/\/cookinyou.com\/es\/wp-json\/wp\/v2\/product\/133","targetHints":{"allow":["GET"]}}],"collection":[{"href":"https:\/\/cookinyou.com\/es\/wp-json\/wp\/v2\/product"}],"about":[{"href":"https:\/\/cookinyou.com\/es\/wp-json\/wp\/v2\/types\/product"}],"wp:featuredmedia":[{"embeddable":true,"href":"https:\/\/cookinyou.com\/es\/wp-json\/wp\/v2\/media\/201"}],"wp:attachment":[{"href":"https:\/\/cookinyou.com\/es\/wp-json\/wp\/v2\/media?parent=133"}],"wp:term":[{"taxonomy":"product_cat","embeddable":true,"href":"https:\/\/cookinyou.com\/es\/wp-json\/wp\/v2\/product_cat?post=133"},{"taxonomy":"product_tag","embeddable":true,"href":"https:\/\/cookinyou.com\/es\/wp-json\/wp\/v2\/product_tag?post=133"}],"curies":[{"name":"wp","href":"https:\/\/api.w.org\/{rel}","templated":true}]}}